{"id":2240,"date":"2025-06-24T15:29:48","date_gmt":"2025-06-24T15:29:48","guid":{"rendered":"https:\/\/gwmsrl.com\/?page_id=2240"},"modified":"2026-01-23T10:44:29","modified_gmt":"2026-01-23T10:44:29","slug":"martinetti-attuatori-lineari-e-rinvii-angolari","status":"publish","type":"page","link":"https:\/\/gwmsrl.com\/en\/prodotti\/martinetti-attuatori-lineari-e-rinvii-angolari\/","title":{"rendered":"Screw Jacks, Linear Actuators, and Bevel Gearboxes"},"content":{"rendered":"<div data-elementor-type=\"wp-page\" data-elementor-id=\"2240\" class=\"elementor elementor-2240\" data-elementor-post-type=\"page\">\n\t\t\t\t<div class=\"elementor-element elementor-element-0e23c32 e-con-full e-flex e-con e-parent\" data-id=\"0e23c32\" data-element_type=\"container\" data-e-type=\"container\" data-settings=\"{&quot;background_background&quot;:&quot;classic&quot;}\">\n\t\t<div class=\"elementor-element elementor-element-207677b e-con-full e-flex e-con e-child\" data-id=\"207677b\" data-element_type=\"container\" data-e-type=\"container\">\n\t\t\t\t<div class=\"elementor-element elementor-element-49872af elementor-align-center elementor-widget elementor-widget-breadcrumbs\" data-id=\"49872af\" data-element_type=\"widget\" data-e-type=\"widget\" data-widget_type=\"breadcrumbs.default\">\n\t\t\t\t<div class=\"elementor-widget-container\">\n\t\t\t\t\t<p id=\"breadcrumbs\"><span><span><a href=\"https:\/\/gwmsrl.com\/en\/\">Home<\/a><\/span><\/span><\/p>\t\t\t\t<\/div>\n\t\t\t\t<\/div>\n\t\t\t\t<\/div>\n\t\t\t\t<\/div>\n\t\t\t\t<section class=\"elementor-section elementor-top-section elementor-element elementor-element-dfbbe22 elementor-section-boxed elementor-section-height-default elementor-section-height-default\" data-id=\"dfbbe22\" data-element_type=\"section\" data-e-type=\"section\" data-settings=\"{&quot;background_background&quot;:&quot;classic&quot;}\">\n\t\t\t\t\t\t<div class=\"elementor-container elementor-column-gap-default\">\n\t\t\t\t\t<div class=\"elementor-column elementor-col-50 elementor-top-column elementor-element elementor-element-6648e41b\" data-id=\"6648e41b\" data-element_type=\"column\" data-e-type=\"column\">\n\t\t\t<div class=\"elementor-widget-wrap elementor-element-populated\">\n\t\t\t\t\t\t<div class=\"elementor-element elementor-element-a9a5a35 elementor-invisible elementor-widget elementor-widget-image\" data-id=\"a9a5a35\" data-element_type=\"widget\" data-e-type=\"widget\" data-settings=\"{&quot;_animation&quot;:&quot;slideInLeft&quot;}\" data-widget_type=\"image.default\">\n\t\t\t\t<div class=\"elementor-widget-container\">\n\t\t\t\t\t\t\t\t\t\t\t\t\t\t\t\t<a href=\"https:\/\/mecmot.com\/en\/home\/\" target=\"_blank\" rel=\"noopener noreferrer nofollow\">\n\t\t\t\t\t\t\t<img fetchpriority=\"high\" decoding=\"async\" width=\"500\" height=\"144\" src=\"https:\/\/gwmsrl.com\/wp-content\/uploads\/2025\/06\/LOGO_MECMOT.png\" class=\"attachment-large size-large wp-image-2252\" alt=\"\" srcset=\"https:\/\/gwmsrl.com\/wp-content\/uploads\/2025\/06\/LOGO_MECMOT.png 500w, https:\/\/gwmsrl.com\/wp-content\/uploads\/2025\/06\/LOGO_MECMOT-300x86.png 300w\" sizes=\"(max-width: 500px) 100vw, 500px\" \/>\t\t\t\t\t\t\t\t<\/a>\n\t\t\t\t\t\t\t\t\t\t\t\t\t\t\t<\/div>\n\t\t\t\t<\/div>\n\t\t\t\t<div class=\"elementor-element elementor-element-454279cf elementor-invisible elementor-widget elementor-widget-image\" data-id=\"454279cf\" data-element_type=\"widget\" data-e-type=\"widget\" data-settings=\"{&quot;_animation&quot;:&quot;slideInLeft&quot;}\" data-widget_type=\"image.default\">\n\t\t\t\t<div class=\"elementor-widget-container\">\n\t\t\t\t\t\t\t\t\t\t\t\t\t\t\t<img decoding=\"async\" width=\"1080\" height=\"1080\" src=\"https:\/\/gwmsrl.com\/wp-content\/uploads\/2026\/01\/mecmot_prodotti.png\" class=\"attachment-full size-full wp-image-3587\" alt=\"\" srcset=\"https:\/\/gwmsrl.com\/wp-content\/uploads\/2026\/01\/mecmot_prodotti.png 1080w, https:\/\/gwmsrl.com\/wp-content\/uploads\/2026\/01\/mecmot_prodotti-300x300.png 300w, https:\/\/gwmsrl.com\/wp-content\/uploads\/2026\/01\/mecmot_prodotti-1024x1024.png 1024w, https:\/\/gwmsrl.com\/wp-content\/uploads\/2026\/01\/mecmot_prodotti-150x150.png 150w, https:\/\/gwmsrl.com\/wp-content\/uploads\/2026\/01\/mecmot_prodotti-768x768.png 768w\" sizes=\"(max-width: 1080px) 100vw, 1080px\" \/>\t\t\t\t\t\t\t\t\t\t\t\t\t\t\t<\/div>\n\t\t\t\t<\/div>\n\t\t\t\t<div class=\"elementor-element elementor-element-b06d482 elementor-align-center elementor-mobile-align-center elementor-invisible elementor-widget elementor-widget-button\" data-id=\"b06d482\" data-element_type=\"widget\" data-e-type=\"widget\" data-settings=\"{&quot;_animation&quot;:&quot;slideInLeft&quot;}\" data-widget_type=\"button.default\">\n\t\t\t\t<div class=\"elementor-widget-container\">\n\t\t\t\t\t\t\t\t\t<div class=\"elementor-button-wrapper\">\n\t\t\t\t\t<a class=\"elementor-button elementor-button-link elementor-size-md\" href=\"https:\/\/gwmsrl.com\/wp-content\/uploads\/2025\/06\/mecmot_catalogo.pdf\" target=\"_blank\">\n\t\t\t\t\t\t<span class=\"elementor-button-content-wrapper\">\n\t\t\t\t\t\t\t\t\t<span class=\"elementor-button-text\">Catalogue<\/span>\n\t\t\t\t\t<\/span>\n\t\t\t\t\t<\/a>\n\t\t\t\t<\/div>\n\t\t\t\t\t\t\t\t<\/div>\n\t\t\t\t<\/div>\n\t\t\t\t\t<\/div>\n\t\t<\/div>\n\t\t\t\t<div class=\"elementor-column elementor-col-50 elementor-top-column elementor-element elementor-element-5e6554a\" data-id=\"5e6554a\" data-element_type=\"column\" data-e-type=\"column\">\n\t\t\t<div class=\"elementor-widget-wrap elementor-element-populated\">\n\t\t\t\t\t\t<div class=\"elementor-element elementor-element-629f5286 elementor-invisible elementor-widget elementor-widget-heading\" data-id=\"629f5286\" data-element_type=\"widget\" data-e-type=\"widget\" data-settings=\"{&quot;_animation&quot;:&quot;fadeInLeft&quot;}\" data-widget_type=\"heading.default\">\n\t\t\t\t<div class=\"elementor-widget-container\">\n\t\t\t\t\t<h2 class=\"elementor-heading-title elementor-size-xl\">Screw Jacks, Linear Actuators, and Bevel Gearboxes<\/h2>\t\t\t\t<\/div>\n\t\t\t\t<\/div>\n\t\t\t\t<div class=\"elementor-element elementor-element-2de60c4 elementor-invisible elementor-widget elementor-widget-text-editor\" data-id=\"2de60c4\" data-element_type=\"widget\" data-e-type=\"widget\" data-settings=\"{&quot;_animation&quot;:&quot;fadeInUp&quot;,&quot;_animation_delay&quot;:400}\" data-widget_type=\"text-editor.default\">\n\t\t\t\t<div class=\"elementor-widget-container\">\n\t\t\t\t\t\t\t\t\t<p data-start=\"140\" data-end=\"612\" class=\"translation-block\">Among our strategic partners, <strong>MecMot<\/strong> represents excellence in the design and production of screw jacks, linear actuators, bevel helical gearboxes, and right-angle drives\u2014all key components for industrial power transmission. Founded in 2017, the company quickly distinguished itself through an approach centered on technological innovation, construction quality, and a fully in-house managed production process.<\/p><p data-start=\"614\" data-end=\"957\">I prodotti MecMot sono oggi apprezzati da clienti in oltre 24 paesi per l\u2019affidabilit\u00e0, la precisione e la capacit\u00e0 di adattarsi a contesti tecnici complessi. La continua attivit\u00e0 di ricerca e sviluppo consente all\u2019azienda di offrire soluzioni moderne e sostenibili, con una forte attenzione alla competitivit\u00e0 e alla rapidit\u00e0 nelle forniture.<\/p><p data-start=\"959\" data-end=\"1208\">Con un\u2019esperienza consolidata in settori come la siderurgia, le energie rinnovabili, la difesa e l\u2019automazione, MecMot si conferma un partner solido e proattivo, capace di rispondere con efficienza alle esigenze di un mercato in continua evoluzione.<\/p>\t\t\t\t\t\t\t\t<\/div>\n\t\t\t\t<\/div>\n\t\t\t\t\t<\/div>\n\t\t<\/div>\n\t\t\t\t\t<\/div>\n\t\t<\/section>\n\t\t\t\t<\/div>","protected":false},"excerpt":{"rendered":"<p>Catalogo Martinetti, Attuatori Lineari e Rinvii Angolari Tra i nostri partner strategici, MecMot rappresenta un\u2019eccellenza nella progettazione e produzione di martinetti a vite, attuatori lineari, riduttori conici e rinvii angolari, componenti chiave per la trasmissione del moto in ambito industriale. Fondata nel 2017, l\u2019azienda ha saputo distinguersi in breve tempo grazie a un approccio orientato [&hellip;]<\/p>\n","protected":false},"author":3,"featured_media":0,"parent":53,"menu_order":3,"comment_status":"closed","ping_status":"closed","template":"","meta":{"site-sidebar-layout":"no-sidebar","site-content-layout":"page-builder","ast-site-content-layout":"full-width-container","site-content-style":"unboxed","site-sidebar-style":"unboxed","ast-global-header-display":"","ast-banner-title-visibility":"","ast-main-header-display":"","ast-hfb-above-header-display":"","ast-hfb-below-header-display":"","ast-hfb-mobile-header-display":"","site-post-title":"disabled","ast-breadcrumbs-content":"","ast-featured-img":"disabled","footer-sml-layout":"","ast-disable-related-posts":"","theme-transparent-header-meta":"default","adv-header-id-meta":"","stick-header-meta":"","header-above-stick-meta":"","header-main-stick-meta":"","header-below-stick-meta":"","astra-migrate-meta-layouts":"set","ast-page-background-enabled":"default","ast-page-background-meta":{"desktop":{"background-color":"var(--ast-global-color-4)","background-image":"","background-repeat":"repeat","background-position":"center center","background-size":"auto","background-attachment":"scroll","background-type":"","background-media":"","overlay-type":"","overlay-color":"","overlay-opacity":"","overlay-gradient":""},"tablet":{"background-color":"","background-image":"","background-repeat":"repeat","background-position":"center center","background-size":"auto","background-attachment":"scroll","background-type":"","background-media":"","overlay-type":"","overlay-color":"","overlay-opacity":"","overlay-gradient":""},"mobile":{"background-color":"","background-image":"","background-repeat":"repeat","background-position":"center center","background-size":"auto","background-attachment":"scroll","background-type":"","background-media":"","overlay-type":"","overlay-color":"","overlay-opacity":"","overlay-gradient":""}},"ast-content-background-meta":{"desktop":{"background-color":"var(--ast-global-color-5)","background-image":"","background-repeat":"repeat","background-position":"center center","background-size":"auto","background-attachment":"scroll","background-type":"","background-media":"","overlay-type":"","overlay-color":"","overlay-opacity":"","overlay-gradient":""},"tablet":{"background-color":"var(--ast-global-color-5)","background-image":"","background-repeat":"repeat","background-position":"center center","background-size":"auto","background-attachment":"scroll","background-type":"","background-media":"","overlay-type":"","overlay-color":"","overlay-opacity":"","overlay-gradient":""},"mobile":{"background-color":"var(--ast-global-color-5)","background-image":"","background-repeat":"repeat","background-position":"center center","background-size":"auto","background-attachment":"scroll","background-type":"","background-media":"","overlay-type":"","overlay-color":"","overlay-opacity":"","overlay-gradient":""}},"footnotes":""},"class_list":["post-2240","page","type-page","status-publish","hentry"],"yoast_head":"<!-- This site is optimized with the Yoast SEO plugin v27.4 - https:\/\/yoast.com\/product\/yoast-seo-wordpress\/ -->\n<title>Encoder: tecnologia avanzata per la precisione nelle misure - GWM s.r.l.<\/title>\n<meta name=\"description\" content=\"Encoder e potenziometri ottici, magnetici rappresentano soluzioni di precisione per la misurazione di posizione e movimento. Leggi.\" \/>\n<meta name=\"robots\" content=\"index, follow, max-snippet:-1, max-image-preview:large, max-video-preview:-1\" \/>\n<link rel=\"canonical\" href=\"https:\/\/gwmsrl.com\/en\/prodotti\/martinetti-attuatori-lineari-e-rinvii-angolari\/\" \/>\n<meta property=\"og:locale\" content=\"en_GB\" \/>\n<meta property=\"og:type\" content=\"article\" \/>\n<meta property=\"og:title\" content=\"Encoder: tecnologia avanzata per la precisione nelle misure - GWM s.r.l.\" \/>\n<meta property=\"og:description\" content=\"Encoder e potenziometri ottici, magnetici rappresentano soluzioni di precisione per la misurazione di posizione e movimento. Leggi.\" \/>\n<meta property=\"og:url\" content=\"https:\/\/gwmsrl.com\/en\/prodotti\/martinetti-attuatori-lineari-e-rinvii-angolari\/\" \/>\n<meta property=\"og:site_name\" content=\"GWM s.r.l.\" \/>\n<meta property=\"article:modified_time\" content=\"2026-01-23T10:44:29+00:00\" \/>\n<meta property=\"og:image\" content=\"https:\/\/gwmsrl.com\/wp-content\/uploads\/2025\/06\/LOGO_MECMOT.png\" \/>\n\t<meta property=\"og:image:width\" content=\"500\" \/>\n\t<meta property=\"og:image:height\" content=\"144\" \/>\n\t<meta property=\"og:image:type\" content=\"image\/png\" \/>\n<meta name=\"twitter:card\" content=\"summary_large_image\" \/>\n<meta name=\"twitter:label1\" content=\"Estimated reading time\" \/>\n\t<meta name=\"twitter:data1\" content=\"2 minutes\" \/>\n<script type=\"application\/ld+json\" class=\"yoast-schema-graph\">{\"@context\":\"https:\\\/\\\/schema.org\",\"@graph\":[{\"@type\":\"WebPage\",\"@id\":\"https:\\\/\\\/gwmsrl.com\\\/prodotti\\\/martinetti-attuatori-lineari-e-rinvii-angolari\\\/\",\"url\":\"https:\\\/\\\/gwmsrl.com\\\/prodotti\\\/martinetti-attuatori-lineari-e-rinvii-angolari\\\/\",\"name\":\"Encoder: tecnologia avanzata per la precisione nelle misure - GWM s.r.l.\",\"isPartOf\":{\"@id\":\"https:\\\/\\\/gwmsrl.com\\\/#website\"},\"primaryImageOfPage\":{\"@id\":\"https:\\\/\\\/gwmsrl.com\\\/prodotti\\\/martinetti-attuatori-lineari-e-rinvii-angolari\\\/#primaryimage\"},\"image\":{\"@id\":\"https:\\\/\\\/gwmsrl.com\\\/prodotti\\\/martinetti-attuatori-lineari-e-rinvii-angolari\\\/#primaryimage\"},\"thumbnailUrl\":\"https:\\\/\\\/gwmsrl.com\\\/wp-content\\\/uploads\\\/2025\\\/06\\\/LOGO_MECMOT.png\",\"datePublished\":\"2025-06-24T15:29:48+00:00\",\"dateModified\":\"2026-01-23T10:44:29+00:00\",\"description\":\"Encoder e potenziometri ottici, magnetici rappresentano soluzioni di precisione per la misurazione di posizione e movimento. Leggi.\",\"breadcrumb\":{\"@id\":\"https:\\\/\\\/gwmsrl.com\\\/prodotti\\\/martinetti-attuatori-lineari-e-rinvii-angolari\\\/#breadcrumb\"},\"inLanguage\":\"en-GB\",\"potentialAction\":[{\"@type\":\"ReadAction\",\"target\":[\"https:\\\/\\\/gwmsrl.com\\\/prodotti\\\/martinetti-attuatori-lineari-e-rinvii-angolari\\\/\"]}]},{\"@type\":\"ImageObject\",\"inLanguage\":\"en-GB\",\"@id\":\"https:\\\/\\\/gwmsrl.com\\\/prodotti\\\/martinetti-attuatori-lineari-e-rinvii-angolari\\\/#primaryimage\",\"url\":\"https:\\\/\\\/gwmsrl.com\\\/wp-content\\\/uploads\\\/2025\\\/06\\\/LOGO_MECMOT.png\",\"contentUrl\":\"https:\\\/\\\/gwmsrl.com\\\/wp-content\\\/uploads\\\/2025\\\/06\\\/LOGO_MECMOT.png\"},{\"@type\":\"BreadcrumbList\",\"@id\":\"https:\\\/\\\/gwmsrl.com\\\/prodotti\\\/martinetti-attuatori-lineari-e-rinvii-angolari\\\/#breadcrumb\",\"itemListElement\":[{\"@type\":\"ListItem\",\"position\":1,\"name\":\"Home\",\"item\":\"https:\\\/\\\/gwmsrl.com\\\/\"},{\"@type\":\"ListItem\",\"position\":2,\"name\":\"Prodotti\",\"item\":\"https:\\\/\\\/gwmsrl.com\\\/prodotti\\\/\"},{\"@type\":\"ListItem\",\"position\":3,\"name\":\"Martinetti, Attuatori Lineari e Rinvii Angolari\"}]},{\"@type\":\"WebSite\",\"@id\":\"https:\\\/\\\/gwmsrl.com\\\/#website\",\"url\":\"https:\\\/\\\/gwmsrl.com\\\/\",\"name\":\"GWM s.r.l.\",\"description\":\"\",\"publisher\":{\"@id\":\"https:\\\/\\\/gwmsrl.com\\\/#organization\"},\"potentialAction\":[{\"@type\":\"SearchAction\",\"target\":{\"@type\":\"EntryPoint\",\"urlTemplate\":\"https:\\\/\\\/gwmsrl.com\\\/?s={search_term_string}\"},\"query-input\":{\"@type\":\"PropertyValueSpecification\",\"valueRequired\":true,\"valueName\":\"search_term_string\"}}],\"inLanguage\":\"en-GB\"},{\"@type\":\"Organization\",\"@id\":\"https:\\\/\\\/gwmsrl.com\\\/#organization\",\"name\":\"GWM s.r.l.\",\"url\":\"https:\\\/\\\/gwmsrl.com\\\/\",\"logo\":{\"@type\":\"ImageObject\",\"inLanguage\":\"en-GB\",\"@id\":\"https:\\\/\\\/gwmsrl.com\\\/#\\\/schema\\\/logo\\\/image\\\/\",\"url\":\"https:\\\/\\\/gwmsrl.com\\\/wp-content\\\/uploads\\\/2022\\\/04\\\/Senza-titolo-1_Tavola-disegno-1.png\",\"contentUrl\":\"https:\\\/\\\/gwmsrl.com\\\/wp-content\\\/uploads\\\/2022\\\/04\\\/Senza-titolo-1_Tavola-disegno-1.png\",\"width\":750,\"height\":250,\"caption\":\"GWM s.r.l.\"},\"image\":{\"@id\":\"https:\\\/\\\/gwmsrl.com\\\/#\\\/schema\\\/logo\\\/image\\\/\"}}]}<\/script>\n<!-- \/ Yoast SEO plugin. -->","yoast_head_json":{"title":"Encoder: tecnologia avanzata per la precisione nelle misure - GWM s.r.l.","description":"Encoder e potenziometri ottici, magnetici rappresentano soluzioni di precisione per la misurazione di posizione e movimento. Leggi.","robots":{"index":"index","follow":"follow","max-snippet":"max-snippet:-1","max-image-preview":"max-image-preview:large","max-video-preview":"max-video-preview:-1"},"canonical":"https:\/\/gwmsrl.com\/en\/prodotti\/martinetti-attuatori-lineari-e-rinvii-angolari\/","og_locale":"en_GB","og_type":"article","og_title":"Encoder: tecnologia avanzata per la precisione nelle misure - GWM s.r.l.","og_description":"Encoder e potenziometri ottici, magnetici rappresentano soluzioni di precisione per la misurazione di posizione e movimento. Leggi.","og_url":"https:\/\/gwmsrl.com\/en\/prodotti\/martinetti-attuatori-lineari-e-rinvii-angolari\/","og_site_name":"GWM s.r.l.","article_modified_time":"2026-01-23T10:44:29+00:00","og_image":[{"width":500,"height":144,"url":"https:\/\/gwmsrl.com\/wp-content\/uploads\/2025\/06\/LOGO_MECMOT.png","type":"image\/png"}],"twitter_card":"summary_large_image","twitter_misc":{"Estimated reading time":"2 minutes"},"schema":{"@context":"https:\/\/schema.org","@graph":[{"@type":"WebPage","@id":"https:\/\/gwmsrl.com\/prodotti\/martinetti-attuatori-lineari-e-rinvii-angolari\/","url":"https:\/\/gwmsrl.com\/prodotti\/martinetti-attuatori-lineari-e-rinvii-angolari\/","name":"Encoder: tecnologia avanzata per la precisione nelle misure - GWM s.r.l.","isPartOf":{"@id":"https:\/\/gwmsrl.com\/#website"},"primaryImageOfPage":{"@id":"https:\/\/gwmsrl.com\/prodotti\/martinetti-attuatori-lineari-e-rinvii-angolari\/#primaryimage"},"image":{"@id":"https:\/\/gwmsrl.com\/prodotti\/martinetti-attuatori-lineari-e-rinvii-angolari\/#primaryimage"},"thumbnailUrl":"https:\/\/gwmsrl.com\/wp-content\/uploads\/2025\/06\/LOGO_MECMOT.png","datePublished":"2025-06-24T15:29:48+00:00","dateModified":"2026-01-23T10:44:29+00:00","description":"Encoder e potenziometri ottici, magnetici rappresentano soluzioni di precisione per la misurazione di posizione e movimento. Leggi.","breadcrumb":{"@id":"https:\/\/gwmsrl.com\/prodotti\/martinetti-attuatori-lineari-e-rinvii-angolari\/#breadcrumb"},"inLanguage":"en-GB","potentialAction":[{"@type":"ReadAction","target":["https:\/\/gwmsrl.com\/prodotti\/martinetti-attuatori-lineari-e-rinvii-angolari\/"]}]},{"@type":"ImageObject","inLanguage":"en-GB","@id":"https:\/\/gwmsrl.com\/prodotti\/martinetti-attuatori-lineari-e-rinvii-angolari\/#primaryimage","url":"https:\/\/gwmsrl.com\/wp-content\/uploads\/2025\/06\/LOGO_MECMOT.png","contentUrl":"https:\/\/gwmsrl.com\/wp-content\/uploads\/2025\/06\/LOGO_MECMOT.png"},{"@type":"BreadcrumbList","@id":"https:\/\/gwmsrl.com\/prodotti\/martinetti-attuatori-lineari-e-rinvii-angolari\/#breadcrumb","itemListElement":[{"@type":"ListItem","position":1,"name":"Home","item":"https:\/\/gwmsrl.com\/"},{"@type":"ListItem","position":2,"name":"Prodotti","item":"https:\/\/gwmsrl.com\/prodotti\/"},{"@type":"ListItem","position":3,"name":"Martinetti, Attuatori Lineari e Rinvii Angolari"}]},{"@type":"WebSite","@id":"https:\/\/gwmsrl.com\/#website","url":"https:\/\/gwmsrl.com\/","name":"GWM s.r.l.","description":"","publisher":{"@id":"https:\/\/gwmsrl.com\/#organization"},"potentialAction":[{"@type":"SearchAction","target":{"@type":"EntryPoint","urlTemplate":"https:\/\/gwmsrl.com\/?s={search_term_string}"},"query-input":{"@type":"PropertyValueSpecification","valueRequired":true,"valueName":"search_term_string"}}],"inLanguage":"en-GB"},{"@type":"Organization","@id":"https:\/\/gwmsrl.com\/#organization","name":"GWM s.r.l.","url":"https:\/\/gwmsrl.com\/","logo":{"@type":"ImageObject","inLanguage":"en-GB","@id":"https:\/\/gwmsrl.com\/#\/schema\/logo\/image\/","url":"https:\/\/gwmsrl.com\/wp-content\/uploads\/2022\/04\/Senza-titolo-1_Tavola-disegno-1.png","contentUrl":"https:\/\/gwmsrl.com\/wp-content\/uploads\/2022\/04\/Senza-titolo-1_Tavola-disegno-1.png","width":750,"height":250,"caption":"GWM s.r.l."},"image":{"@id":"https:\/\/gwmsrl.com\/#\/schema\/logo\/image\/"}}]}},"_links":{"self":[{"href":"https:\/\/gwmsrl.com\/en\/wp-json\/wp\/v2\/pages\/2240","targetHints":{"allow":["GET"]}}],"collection":[{"href":"https:\/\/gwmsrl.com\/en\/wp-json\/wp\/v2\/pages"}],"about":[{"href":"https:\/\/gwmsrl.com\/en\/wp-json\/wp\/v2\/types\/page"}],"author":[{"embeddable":true,"href":"https:\/\/gwmsrl.com\/en\/wp-json\/wp\/v2\/users\/3"}],"replies":[{"embeddable":true,"href":"https:\/\/gwmsrl.com\/en\/wp-json\/wp\/v2\/comments?post=2240"}],"version-history":[{"count":10,"href":"https:\/\/gwmsrl.com\/en\/wp-json\/wp\/v2\/pages\/2240\/revisions"}],"predecessor-version":[{"id":3602,"href":"https:\/\/gwmsrl.com\/en\/wp-json\/wp\/v2\/pages\/2240\/revisions\/3602"}],"up":[{"embeddable":true,"href":"https:\/\/gwmsrl.com\/en\/wp-json\/wp\/v2\/pages\/53"}],"wp:attachment":[{"href":"https:\/\/gwmsrl.com\/en\/wp-json\/wp\/v2\/media?parent=2240"}],"curies":[{"name":"wp","href":"https:\/\/api.w.org\/{rel}","templated":true}]}}